{"id":138,"date":"2018-01-22T17:15:40","date_gmt":"2018-01-22T10:15:40","guid":{"rendered":"http:\/\/cuongrt.raothue.com\/phong\/anhduongtaybac\/?page_id=138"},"modified":"2018-01-23T10:45:09","modified_gmt":"2018-01-23T03:45:09","slug":"gioi-thieu","status":"publish","type":"page","link":"https:\/\/c293-anhduongtaybac.com-vn.net\/?page_id=138","title":{"rendered":"Gi\u1edbi thi\u1ec7u"},"content":{"rendered":"<p>Theo nh\u1eadn \u0111\u1ecbnh c\u1ee7a c\u00e1c chuy\u00ean gia \u0111\u1ea7u ng\u00e0nh trong l\u00e0ng xu\u1ea5t kh\u1ea9u lao \u0111\u1ed9ng Nh\u1eadt B\u1ea3n th\u00ec n\u0103m 2017 l\u00e0m n\u0103m b\u00f9ng n\u1ed5 c\u1ee7a c\u00e1c \u0111\u01a1n h\u00e0ng. N\u0103m tr\u01b0\u1edbc c\u00e1c \u0111\u01a1n h\u00e0ng tuy\u1ec3n lao \u0111\u1ed9ng \u0111i Nh\u1eadt \u0111\u00e3 r\u1ea5t nhi\u1ec1u, nh\u01b0ng n\u0103m nay c\u00f2n v\u1ec1 nhi\u1ec1u h\u01a1n v\u00e0 v\u1edbi t\u1ed1c \u0111\u1ed9 t\u0103ng tr\u01b0\u1edfng cao g\u1ea5p 1,8 l\u1ea7n n\u0103m 2016. \u0110\u00e2y l\u00e0 c\u01a1 h\u1ed9i r\u1ea5t l\u1edbn \u0111\u1ec3 c\u00e1c b\u1ea1n lao \u0111\u1ed9ng Vi\u1ec7t c\u00f3 nhu c\u1ea7u \u0111i Nh\u1eadt B\u1ea3n l\u00e0m vi\u1ec7c ki\u1ebfm ti\u1ec1n n\u00ean tranh th\u1ee7 ngay. Ch\u00fang t\u00f4i s\u1ebd ph\u00e2n t\u00edch c\u1ee5 th\u1ec3 cho c\u00e1c b\u1ea1n th\u1ea5y t\u1ea5t c\u1ea3 c\u00e1c kh\u00eda c\u1ea1nh v\u1ec1 \u0111\u01a1n h\u00e0ng \u0111i lao \u0111\u1ed9ng Nh\u1eadt.<\/p>\n<p>Trong t\u00ecnh h\u00ecnh Olympic 2020 \u0111ang \u0111\u1ebfn g\u1ea7n, c\u00e1c ng\u00e0nh d\u1ecbch v\u1ee5 t\u1ed5ng h\u1ee3p, x\u00e2y d\u1ef1ng, c\u01a1 kh\u00ed\u2026 \u0111\u1ec1u \u0111ang ph\u00e1t tri\u1ec3n \u0111\u1ed3ng \u0111\u1ec1u. Nhu c\u1ea7u tuy\u1ec3n d\u1ee5ng lao \u0111\u1ed9ng cho c\u00e1c ng\u00e0nh n\u00e0y \u0111\u00e3 t\u0103ng 30% so v\u1edbi c\u00f9ng k\u1ef3 n\u0103m ngo\u00e1i. L\u00e0m cho s\u1ed1 l\u01b0\u1ee3ng th\u1ef1c t\u1eadp sinh xu\u1ea5t c\u1ea3nh trong 6 th\u00e1ng \u0111\u1ea7u n\u0103m 2017 \u0111\u00e3 v\u01b0\u1ee3t ch\u1ec9 ti\u00eau. C\u00e1c c\u00f4ng x\u01b0\u1edfng \u1edf Nh\u1eadt B\u1ea3n \u0111ang c\u1ea1nh tranh nhau kh\u1ed1c li\u1ec7t \u0111\u1ec3 c\u00f3 \u0111\u01b0\u1ee3c ngu\u1ed3n lao \u0111\u1ed9ng d\u1ed3i d\u00e0o \u0111\u00e1p \u1ee9ng nhu c\u1ea7u s\u1ea3n xu\u1ea5t trong n\u01b0\u1edbc. S\u1ef1 vi\u1ec7c n\u00e0y k\u00e9o theo l\u01b0\u01a1ng c\u1ee7a lao \u0111\u1ed9ng c\u0169ng t\u0103ng m\u1ea1nh. L\u01b0\u01a1ng c\u01a1 b\u1ea3n 2017 so v\u1edbi n\u0103m tr\u01b0\u1edbc \u0111\u00e3 t\u0103ng l\u00ean 30y\u00ean\/h, v\u1eady 1 th\u00e1ng n\u1ebfu l\u00e0m ch\u0103m ch\u1ec9 c\u00e1c b\u1ea1n c\u00f3 th\u1ec3 nh\u1eadn thu nh\u1eadp 40tr\/th\u00e1ng l\u00e0 b\u00ecnh th\u01b0\u1eddng.<\/p>\n<p>\u0110\u01a1n h\u00e0ng n\u00e0o s\u1ebd c\u00f3 m\u1ee9c l\u01b0\u01a1ng tr\u1ea3 cao nh\u1ea5t trong nh\u1eefng n\u0103m t\u1edbi? C\u00e2u h\u1ecfi n\u00e0y ch\u1eafc h\u1eb3n ai c\u0169ng mu\u1ed1n \u0111i t\u00ecm c\u00e2u tr\u1ea3 l\u1eddi \u0111\u1ec3 l\u1ef1a ch\u1ecdn cho m\u00ecnh m\u1ed9t \u0111\u01a1n h\u00e0ng t\u1ed1t nh\u1ea5t.<\/p>\n<p>Theo nh\u1eadn \u0111\u1ecbnh tr\u00ean c\u1ee7a c\u00e1c chuy\u00ean gia, n\u1ebfu b\u1ea1n mu\u1ed1n l\u1ef1a ch\u1ecdn ng\u00e0nh ngh\u1ec1 ph\u00f9 h\u1ee3p v\u1edbi b\u1ea3n th\u00e2n s\u1ebd ph\u1ee5 thu\u1ed9c v\u00e0o nhi\u1ec1u y\u1ebfu t\u1ed1. M\u1ed7i m\u1ed9t ng\u01b0\u1eddi s\u1ebd c\u00f3 \u0111\u1eb7c \u0111i\u1ec3m kh\u00e1c nhau v\u00e0 s\u1ebd ph\u00f9 h\u1ee3p v\u1edbi ng\u00e0nh ngh\u1ec1 kh\u00e1c nhau. Ch\u00fang t\u00f4i s\u1ebd ph\u00e2n t\u00edch chuy\u00ean s\u00e2u h\u01a1n cho c\u00e1c b\u1ea1n \u1edf nh\u1eefng b\u00e0i sau, c\u00e1c b\u1ea1n ch\u00fa \u00fd \u0111\u00f3n \u0111\u1ecdc nh\u00e9!<\/p>\n","protected":false},"excerpt":{"rendered":"<p>Theo nh\u1eadn \u0111\u1ecbnh c\u1ee7a c\u00e1c chuy\u00ean gia \u0111\u1ea7u ng\u00e0nh trong l\u00e0ng xu\u1ea5t kh\u1ea9u lao \u0111\u1ed9ng Nh\u1eadt B\u1ea3n th\u00ec n\u0103m 2017 &hellip; <a class=\"link-more\" href=\"https:\/\/c293-anhduongtaybac.com-vn.net\/?page_id=138\" class=\"more-link\">\u0110\u1ecdc th\u00eam &raquo;<span class=\"screen-reader-text\"> &#8220;Gi\u1edbi thi\u1ec7u&#8221;<\/span><\/a><\/p>\n","protected":false},"author":1,"featured_media":0,"parent":0,"menu_order":0,"comment_status":"closed","ping_status":"closed","template":"","meta":[],"_links":{"self":[{"href":"https:\/\/c293-anhduongtaybac.com-vn.net\/index.php?rest_route=\/wp\/v2\/pages\/138"}],"collection":[{"href":"https:\/\/c293-anhduongtaybac.com-vn.net\/index.php?rest_route=\/wp\/v2\/pages"}],"about":[{"href":"https:\/\/c293-anhduongtaybac.com-vn.net\/index.php?rest_route=\/wp\/v2\/types\/page"}],"author":[{"embeddable":true,"href":"https:\/\/c293-anhduongtaybac.com-vn.net\/index.php?rest_route=\/wp\/v2\/users\/1"}],"replies":[{"embeddable":true,"href":"https:\/\/c293-anhduongtaybac.com-vn.net\/index.php?rest_route=%2Fwp%2Fv2%2Fcomments&post=138"}],"version-history":[{"count":2,"href":"https:\/\/c293-anhduongtaybac.com-vn.net\/index.php?rest_route=\/wp\/v2\/pages\/138\/revisions"}],"predecessor-version":[{"id":183,"href":"https:\/\/c293-anhduongtaybac.com-vn.net\/index.php?rest_route=\/wp\/v2\/pages\/138\/revisions\/183"}],"wp:attachment":[{"href":"https:\/\/c293-anhduongtaybac.com-vn.net\/index.php?rest_route=%2Fwp%2Fv2%2Fmedia&parent=138"}],"curies":[{"name":"wp","href":"https:\/\/api.w.org\/{rel}","templated":true}]}}